{"id":904,"date":"2017-02-18T15:57:21","date_gmt":"2017-02-18T15:57:21","guid":{"rendered":"http:\/\/demowp.cththemes.com\/bloom\/?page_id=904"},"modified":"2022-06-28T10:05:22","modified_gmt":"2022-06-28T10:05:22","slug":"services-and-pricing","status":"publish","type":"page","link":"https:\/\/www.supaymarketing.com\/photostock\/index.php\/services-and-pricing\/","title":{"rendered":"Servicios"},"content":{"rendered":"<p>[vc_row css=&#8221;.vc_custom_1488017710161{padding-top: 60px !important;}&#8221;][vc_column el_class=&#8221;is-small-container&#8221;][bloom_service ser_title=&#8221;Fotograf\u00eda de Producto&#8221; ser_price=&#8221;&#8221; bgimg=&#8221;1170&#8243;]Nuestro objetivo como fot\u00f3grafos es, a trav\u00e9s de una mirada cr\u00edtica y anal\u00edtica, hacer visibles los atributos particulares de cada elemento, alineando nuestra mirada con el concepto de marca.<\/p>\n<h5><\/h5>\n<p>[\/bloom_service][bloom_service ser_title=&#8221;Fotograf\u00eda de paisajes&#8221; ser_price=&#8221;&#8221; bgimg=&#8221;1124&#8243;]Recorrer y congelar cada momento, lugar y personas es una de las mejores maneras en las que podemos contar historias e inmortalizarlas.[\/bloom_service][bloom_service ser_title=&#8221;Fotograf\u00eda para decoraci\u00f3n&#8221; ser_price=&#8221;&#8221; bgimg=&#8221;1166&#8243;]Muchas veces al decorar un espacio, queremos poner un cuadro que transmita estilo y elegancia. Si nos cuesta encontrar una obra art\u00edstica o un cuadro decorativo que quede moderno y pragm\u00e1tico en nuestra decoraci\u00f3n.[\/bloom_service][bloom_button title=&#8221;Escr\u00edbenos &#8221; icon=&#8221;&#8221; link=&#8221;url:https%3A%2F%2Fwww.supaymarketing.com%2Fphotostock%2Findex.php%2Fcontact%2F&#8221;][vc_empty_space height=&#8221;100px&#8221;][\/vc_column][\/vc_row]<\/p>\n","protected":false},"excerpt":{"rendered":"<p>[vc_row css=&#8221;.vc_custom_1488017710161{padding-top: 60px !important;}&#8221;][vc_column el_class=&#8221;is-small-container&#8221;][bloom_service ser_title=&#8221;Fotograf\u00eda de Producto&#8221; ser_price=&#8221;&#8221; bgimg=&#8221;1170&#8243;]Nuestro objetivo como fot\u00f3grafos es, a trav\u00e9s de una mirada cr\u00edtica y anal\u00edtica, hacer visibles los atributos particulares de cada elemento, alineando nuestra mirada con el concepto de marca. [\/bloom_service][bloom_service ser_title=&#8221;Fotograf\u00eda de paisajes&#8221; ser_price=&#8221;&#8221; bgimg=&#8221;1124&#8243;]Recorrer y congelar cada momento, lugar y personas es una de las [&hellip;]<\/p>\n","protected":false},"author":1,"featured_media":1155,"parent":0,"menu_order":0,"comment_status":"closed","ping_status":"closed","template":"page-columns.php","meta":{"_monsterinsights_skip_tracking":false,"_monsterinsights_sitenote_active":false,"_monsterinsights_sitenote_note":"","_monsterinsights_sitenote_category":0,"footnotes":""},"class_list":["post-904","page","type-page","status-publish","has-post-thumbnail","hentry"],"aioseo_notices":[],"_links":{"self":[{"href":"https:\/\/www.supaymarketing.com\/photostock\/index.php\/wp-json\/wp\/v2\/pages\/904","targetHints":{"allow":["GET"]}}],"collection":[{"href":"https:\/\/www.supaymarketing.com\/photostock\/index.php\/wp-json\/wp\/v2\/pages"}],"about":[{"href":"https:\/\/www.supaymarketing.com\/photostock\/index.php\/wp-json\/wp\/v2\/types\/page"}],"author":[{"embeddable":true,"href":"https:\/\/www.supaymarketing.com\/photostock\/index.php\/wp-json\/wp\/v2\/users\/1"}],"replies":[{"embeddable":true,"href":"https:\/\/www.supaymarketing.com\/photostock\/index.php\/wp-json\/wp\/v2\/comments?post=904"}],"version-history":[{"count":7,"href":"https:\/\/www.supaymarketing.com\/photostock\/index.php\/wp-json\/wp\/v2\/pages\/904\/revisions"}],"predecessor-version":[{"id":1208,"href":"https:\/\/www.supaymarketing.com\/photostock\/index.php\/wp-json\/wp\/v2\/pages\/904\/revisions\/1208"}],"wp:featuredmedia":[{"embeddable":true,"href":"https:\/\/www.supaymarketing.com\/photostock\/index.php\/wp-json\/wp\/v2\/media\/1155"}],"wp:attachment":[{"href":"https:\/\/www.supaymarketing.com\/photostock\/index.php\/wp-json\/wp\/v2\/media?parent=904"}],"curies":[{"name":"wp","href":"https:\/\/api.w.org\/{rel}","templated":true}]}}